{"id":1226,"date":"2025-02-02T18:11:18","date_gmt":"2025-02-02T18:11:18","guid":{"rendered":"https:\/\/elridvan.com\/?page_id=1226"},"modified":"2025-05-21T11:19:03","modified_gmt":"2025-05-21T11:19:03","slug":"gizlilik-politikasi","status":"publish","type":"page","link":"https:\/\/elridvan.com\/tr\/gizlilik-politikasi\/","title":{"rendered":"Gizlilik Politikas\u0131"},"content":{"rendered":"<p><strong>Son G\u00fcncelleme Tarihi: 21-05-2025<\/strong><\/p>\n<p><a href=\"https:\/\/elridvan.com\/tr\/\"><strong>elridvan.com<\/strong><\/a> web sitemizi ziyaret etti\u011finiz ve bize g\u00fcvendi\u011finiz i\u00e7in te\u015fekk\u00fcr ederiz. Ziyaret\u00e7ilerimizin gizlili\u011fine b\u00fcy\u00fck \u00f6nem veriyoruz ve ki\u015fisel bilgilerinizi en y\u00fcksek \u00f6zen ve g\u00fcvenlik d\u00fczeyinde korumay\u0131 taahh\u00fct ediyoruz. Sitemizi kullan\u0131rken sa\u011flad\u0131\u011f\u0131n\u0131z bilgilerin nas\u0131l topland\u0131\u011f\u0131n\u0131, kullan\u0131ld\u0131\u011f\u0131n\u0131 ve korundu\u011funu anlamak i\u00e7in l\u00fctfen a\u015fa\u011f\u0131daki gizlilik politikas\u0131n\u0131 dikkatle okuyunuz.<\/p>\n<h3>1. Toplad\u0131\u011f\u0131m\u0131z Bilgiler:<\/h3>\n<p>Web sitemizi ziyaret etti\u011finizde, IP adresiniz, taray\u0131c\u0131 t\u00fcr\u00fcn\u00fcz, tercih etti\u011finiz dil ve sitemizde ziyaret etti\u011finiz sayfalar gibi ki\u015fisel olmayan baz\u0131 bilgileri toplayabiliriz. Bu bilgiler, web sitemizdeki deneyiminizi geli\u015ftirmemize ve ilgi alanlar\u0131n\u0131z\u0131 daha iyi anlamam\u0131za yard\u0131mc\u0131 olur.<\/p>\n<p>Belirli hizmetlere kaydoldu\u011funuzda veya ileti\u015fim formu arac\u0131l\u0131\u011f\u0131yla bizimle ileti\u015fime ge\u00e7ti\u011finizde, ad\u0131n\u0131z, ileti\u015fim numaran\u0131z ve e-posta adresiniz gibi ki\u015fisel bilgileri talep edebiliriz. Bu bilgileri, sizin a\u00e7\u0131k izniniz olmadan \u00fc\u00e7\u00fcnc\u00fc taraflarla payla\u015fmayaca\u011f\u0131z.<\/p>\n<h3>2. Bilgilerin Kullan\u0131m\u0131:<\/h3>\n<p>Toplad\u0131\u011f\u0131m\u0131z bilgileri, hizmetlerimizi ve i\u00e7eriklerimizi geli\u015ftirmek, kullan\u0131c\u0131 deneyiminizi ki\u015fiselle\u015ftirmek ve ilginizi \u00e7ekebilecek hizmet ve teklifler hakk\u0131nda sizinle ileti\u015fime ge\u00e7mek i\u00e7in kullan\u0131yoruz.<\/p>\n<p>Ki\u015fisel bilgilerinizi, a\u00e7\u0131k onay\u0131n\u0131z olmadan \u00fc\u00e7\u00fcnc\u00fc taraflara satmayaca\u011f\u0131z, kiralamayaca\u011f\u0131z veya ticaretini yapmayaca\u011f\u0131z. Yaln\u0131zca yasal olarak gerekli olan veya yetkili makamlarca talep edilen durumlarda payla\u015f\u0131labilir.<\/p>\n<h3>3. Bilgilerin Korunmas\u0131:<\/h3>\n<p>Ki\u015fisel bilgilerinizi yetkisiz eri\u015fim, kullan\u0131m, de\u011fi\u015ftirme veya if\u015faya kar\u015f\u0131 korumak i\u00e7in uygun g\u00fcvenlik \u00f6nlemleri al\u0131yoruz. Ancak, internet \u00fczerinden tam g\u00fcvenli\u011fin garanti edilemeyece\u011fini bilmelisiniz. Bu nedenle, bilgilerin %100 g\u00fcvenli\u011fini garanti edemeyiz.<\/p>\n<h3>4. \u00dc\u00e7\u00fcnc\u00fc Taraf Ba\u011flant\u0131lar\u0131:<\/h3>\n<p>Web sitemiz, ek ama\u00e7larla \u00fc\u00e7\u00fcnc\u00fc taraf web sitelerine ba\u011flant\u0131lar i\u00e7erebilir. Bu sitelerin gizlilik uygulamalar\u0131 veya i\u00e7eriklerinden sorumlu de\u011filiz. Ki\u015fisel bilgilerinizi payla\u015fmadan \u00f6nce, bu sitelerin gizlilik politikalar\u0131n\u0131 okuman\u0131z\u0131 \u00f6neririz.<\/p>\n<h3>5. Onay:<\/h3>\n<p>Web sitemizi kullanarak, bilgilerinizi bu gizlilik politikas\u0131na uygun olarak toplamam\u0131za ve kullanmam\u0131za onay vermi\u015f olursunuz.<\/p>\n<h3>6. Gizlilik Politikas\u0131ndaki De\u011fi\u015fiklikler:<\/h3>\n<p>Bu gizlilik politikas\u0131n\u0131 zaman zaman g\u00fcncelleyebiliriz. Herhangi bir de\u011fi\u015fikli\u011fi bu sayfada yay\u0131mlayaca\u011f\u0131z. Kullan\u0131c\u0131lar\u0131n, politikalar\u0131m\u0131z hakk\u0131nda g\u00fcncel kalmak i\u00e7in bu sayfay\u0131 d\u00fczenli olarak g\u00f6zden ge\u00e7irmeleri \u00f6nerilir.<\/p>\n<h3>7. \u0130leti\u015fim:<\/h3>\n<p>Gizlilik politikam\u0131z hakk\u0131nda herhangi bir sorunuz veya endi\u015feniz varsa, l\u00fctfen bizimle <a href=\"mailto:info@elridvan.com\">info@elridvan.com<\/a> adresi \u00fczerinden veya \u0130leti\u015fim Sayfas\u0131\u2019nda bulunan form arac\u0131l\u0131\u011f\u0131yla <a href=\"https:\/\/elridvan.com\/tr\/bize-ulasin\/\">ileti\u015fime<\/a> ge\u00e7iniz.<\/p>\n","protected":false},"excerpt":{"rendered":"<p>Son G\u00fcncelleme Tarihi: 21-05-2025 elridvan.com web sitemizi ziyaret etti\u011finiz ve  [&#8230;]<\/p>\n","protected":false},"author":2,"featured_media":0,"parent":0,"menu_order":0,"comment_status":"closed","ping_status":"open","template":"","meta":{"_acf_changed":false,"footnotes":""},"class_list":["post-1226","page","type-page","status-publish","hentry"],"acf":[],"yoast_head":"<!-- This site is optimized with the Yoast SEO plugin v27.5 - https:\/\/yoast.com\/product\/yoast-seo-wordpress\/ -->\n<title>Gizlilik Politikas\u0131 - EL Ridvan<\/title>\n<meta name=\"robots\" content=\"index, follow, max-snippet:-1, max-image-preview:large, max-video-preview:-1\" \/>\n<link rel=\"canonical\" href=\"https:\/\/elridvan.com\/tr\/gizlilik-politikasi\/\" \/>\n<meta property=\"og:locale\" content=\"tr_TR\" \/>\n<meta property=\"og:type\" content=\"article\" \/>\n<meta property=\"og:title\" content=\"Gizlilik Politikas\u0131 - EL Ridvan\" \/>\n<meta property=\"og:description\" content=\"Son G\u00fcncelleme Tarihi: 21-05-2025 elridvan.com web sitemizi ziyaret etti\u011finiz ve [...]\" \/>\n<meta property=\"og:url\" content=\"https:\/\/elridvan.com\/tr\/gizlilik-politikasi\/\" \/>\n<meta property=\"og:site_name\" content=\"EL Ridvan\" \/>\n<meta property=\"article:modified_time\" content=\"2025-05-21T11:19:03+00:00\" \/>\n<meta property=\"og:image\" content=\"https:\/\/elridvan.com\/wp-content\/uploads\/2025\/05\/closeup-hands-full-boxes.webp\" \/>\n\t<meta property=\"og:image:width\" content=\"1200\" \/>\n\t<meta property=\"og:image:height\" content=\"801\" \/>\n\t<meta property=\"og:image:type\" content=\"image\/webp\" \/>\n<meta name=\"twitter:card\" content=\"summary_large_image\" \/>\n<meta name=\"twitter:label1\" content=\"Tahmini okuma s\u00fcresi\" \/>\n\t<meta name=\"twitter:data1\" content=\"2 dakika\" \/>\n<script type=\"application\/ld+json\" class=\"yoast-schema-graph\">{\"@context\":\"https:\\\/\\\/schema.org\",\"@graph\":[{\"@type\":\"WebPage\",\"@id\":\"https:\\\/\\\/elridvan.com\\\/tr\\\/gizlilik-politikasi\\\/\",\"url\":\"https:\\\/\\\/elridvan.com\\\/tr\\\/gizlilik-politikasi\\\/\",\"name\":\"Gizlilik Politikas\u0131 - EL Ridvan\",\"isPartOf\":{\"@id\":\"https:\\\/\\\/elridvan.com\\\/tr\\\/#website\"},\"datePublished\":\"2025-02-02T18:11:18+00:00\",\"dateModified\":\"2025-05-21T11:19:03+00:00\",\"breadcrumb\":{\"@id\":\"https:\\\/\\\/elridvan.com\\\/tr\\\/gizlilik-politikasi\\\/#breadcrumb\"},\"inLanguage\":\"tr\",\"potentialAction\":[{\"@type\":\"ReadAction\",\"target\":[\"https:\\\/\\\/elridvan.com\\\/tr\\\/gizlilik-politikasi\\\/\"]}]},{\"@type\":\"BreadcrumbList\",\"@id\":\"https:\\\/\\\/elridvan.com\\\/tr\\\/gizlilik-politikasi\\\/#breadcrumb\",\"itemListElement\":[{\"@type\":\"ListItem\",\"position\":1,\"name\":\"Home\",\"item\":\"https:\\\/\\\/elridvan.com\\\/tr\\\/\"},{\"@type\":\"ListItem\",\"position\":2,\"name\":\"Gizlilik Politikas\u0131\"}]},{\"@type\":\"WebSite\",\"@id\":\"https:\\\/\\\/elridvan.com\\\/tr\\\/#website\",\"url\":\"https:\\\/\\\/elridvan.com\\\/tr\\\/\",\"name\":\"EL Ridvan\",\"description\":\"\",\"publisher\":{\"@id\":\"https:\\\/\\\/elridvan.com\\\/tr\\\/#organization\"},\"potentialAction\":[{\"@type\":\"SearchAction\",\"target\":{\"@type\":\"EntryPoint\",\"urlTemplate\":\"https:\\\/\\\/elridvan.com\\\/tr\\\/?s={search_term_string}\"},\"query-input\":{\"@type\":\"PropertyValueSpecification\",\"valueRequired\":true,\"valueName\":\"search_term_string\"}}],\"inLanguage\":\"tr\"},{\"@type\":\"Organization\",\"@id\":\"https:\\\/\\\/elridvan.com\\\/tr\\\/#organization\",\"name\":\"EL Ridvan\",\"url\":\"https:\\\/\\\/elridvan.com\\\/tr\\\/\",\"logo\":{\"@type\":\"ImageObject\",\"inLanguage\":\"tr\",\"@id\":\"https:\\\/\\\/elridvan.com\\\/tr\\\/#\\\/schema\\\/logo\\\/image\\\/\",\"url\":\"https:\\\/\\\/elridvan.com\\\/wp-content\\\/uploads\\\/2025\\\/02\\\/Logo-512.png\",\"contentUrl\":\"https:\\\/\\\/elridvan.com\\\/wp-content\\\/uploads\\\/2025\\\/02\\\/Logo-512.png\",\"width\":512,\"height\":512,\"caption\":\"EL Ridvan\"},\"image\":{\"@id\":\"https:\\\/\\\/elridvan.com\\\/tr\\\/#\\\/schema\\\/logo\\\/image\\\/\"}}]}<\/script>\n<!-- \/ Yoast SEO plugin. -->","yoast_head_json":{"title":"Gizlilik Politikas\u0131 - EL Ridvan","robots":{"index":"index","follow":"follow","max-snippet":"max-snippet:-1","max-image-preview":"max-image-preview:large","max-video-preview":"max-video-preview:-1"},"canonical":"https:\/\/elridvan.com\/tr\/gizlilik-politikasi\/","og_locale":"tr_TR","og_type":"article","og_title":"Gizlilik Politikas\u0131 - EL Ridvan","og_description":"Son G\u00fcncelleme Tarihi: 21-05-2025 elridvan.com web sitemizi ziyaret etti\u011finiz ve [...]","og_url":"https:\/\/elridvan.com\/tr\/gizlilik-politikasi\/","og_site_name":"EL Ridvan","article_modified_time":"2025-05-21T11:19:03+00:00","og_image":[{"width":1200,"height":801,"url":"https:\/\/elridvan.com\/wp-content\/uploads\/2025\/05\/closeup-hands-full-boxes.webp","type":"image\/webp"}],"twitter_card":"summary_large_image","twitter_misc":{"Tahmini okuma s\u00fcresi":"2 dakika"},"schema":{"@context":"https:\/\/schema.org","@graph":[{"@type":"WebPage","@id":"https:\/\/elridvan.com\/tr\/gizlilik-politikasi\/","url":"https:\/\/elridvan.com\/tr\/gizlilik-politikasi\/","name":"Gizlilik Politikas\u0131 - EL Ridvan","isPartOf":{"@id":"https:\/\/elridvan.com\/tr\/#website"},"datePublished":"2025-02-02T18:11:18+00:00","dateModified":"2025-05-21T11:19:03+00:00","breadcrumb":{"@id":"https:\/\/elridvan.com\/tr\/gizlilik-politikasi\/#breadcrumb"},"inLanguage":"tr","potentialAction":[{"@type":"ReadAction","target":["https:\/\/elridvan.com\/tr\/gizlilik-politikasi\/"]}]},{"@type":"BreadcrumbList","@id":"https:\/\/elridvan.com\/tr\/gizlilik-politikasi\/#breadcrumb","itemListElement":[{"@type":"ListItem","position":1,"name":"Home","item":"https:\/\/elridvan.com\/tr\/"},{"@type":"ListItem","position":2,"name":"Gizlilik Politikas\u0131"}]},{"@type":"WebSite","@id":"https:\/\/elridvan.com\/tr\/#website","url":"https:\/\/elridvan.com\/tr\/","name":"EL Ridvan","description":"","publisher":{"@id":"https:\/\/elridvan.com\/tr\/#organization"},"potentialAction":[{"@type":"SearchAction","target":{"@type":"EntryPoint","urlTemplate":"https:\/\/elridvan.com\/tr\/?s={search_term_string}"},"query-input":{"@type":"PropertyValueSpecification","valueRequired":true,"valueName":"search_term_string"}}],"inLanguage":"tr"},{"@type":"Organization","@id":"https:\/\/elridvan.com\/tr\/#organization","name":"EL Ridvan","url":"https:\/\/elridvan.com\/tr\/","logo":{"@type":"ImageObject","inLanguage":"tr","@id":"https:\/\/elridvan.com\/tr\/#\/schema\/logo\/image\/","url":"https:\/\/elridvan.com\/wp-content\/uploads\/2025\/02\/Logo-512.png","contentUrl":"https:\/\/elridvan.com\/wp-content\/uploads\/2025\/02\/Logo-512.png","width":512,"height":512,"caption":"EL Ridvan"},"image":{"@id":"https:\/\/elridvan.com\/tr\/#\/schema\/logo\/image\/"}}]}},"_links":{"self":[{"href":"https:\/\/elridvan.com\/tr\/wp-json\/wp\/v2\/pages\/1226","targetHints":{"allow":["GET"]}}],"collection":[{"href":"https:\/\/elridvan.com\/tr\/wp-json\/wp\/v2\/pages"}],"about":[{"href":"https:\/\/elridvan.com\/tr\/wp-json\/wp\/v2\/types\/page"}],"author":[{"embeddable":true,"href":"https:\/\/elridvan.com\/tr\/wp-json\/wp\/v2\/users\/2"}],"replies":[{"embeddable":true,"href":"https:\/\/elridvan.com\/tr\/wp-json\/wp\/v2\/comments?post=1226"}],"version-history":[{"count":5,"href":"https:\/\/elridvan.com\/tr\/wp-json\/wp\/v2\/pages\/1226\/revisions"}],"predecessor-version":[{"id":1556,"href":"https:\/\/elridvan.com\/tr\/wp-json\/wp\/v2\/pages\/1226\/revisions\/1556"}],"wp:attachment":[{"href":"https:\/\/elridvan.com\/tr\/wp-json\/wp\/v2\/media?parent=1226"}],"curies":[{"name":"wp","href":"https:\/\/api.w.org\/{rel}","templated":true}]}}